{"id":29,"date":"2024-05-27T14:45:36","date_gmt":"2024-05-27T14:45:36","guid":{"rendered":"https:\/\/upzacr.com\/?page_id=29"},"modified":"2026-02-03T14:25:04","modified_gmt":"2026-02-03T14:25:04","slug":"contacto","status":"publish","type":"page","link":"https:\/\/upzacr.com\/?page_id=29","title":{"rendered":"Contacto"},"content":{"rendered":"<div class=\"x11i5rnm xat24cr x1mh8g0r x1vvkbs xtlvy1s x126k92a\">\n<div dir=\"auto\"><strong>Cont\u00e1ctenos estamos para servirles<\/strong><\/div>\n<div dir=\"auto\"><\/div>\n<div dir=\"auto\"><span class=\"html-span xexx8yu x4uap5 x18d9i69 xkhd6sd x1hl2dhg x16tdsg8 x1vvkbs x3nfvp2 x1j61x8r x1fcty0u xdj266r xhhsvwb xat24cr xgzva0m xxymvpz xlup9mm x1kky2od\"><img loading=\"lazy\" decoding=\"async\" class=\"xz74otr\" src=\"https:\/\/static.xx.fbcdn.net\/images\/emoji.php\/v9\/t2d\/1\/16\/1f4cd.png\" alt=\"\ud83d\udccd\" width=\"16\" height=\"16\" \/><\/span><strong> Subasta Cariari<\/strong> (Los Lunes) 10:00 a.m.<\/div>\n<div dir=\"auto\"><span class=\"html-span xexx8yu x4uap5 x18d9i69 xkhd6sd x1hl2dhg x16tdsg8 x1vvkbs x3nfvp2 x1j61x8r x1fcty0u xdj266r xhhsvwb xat24cr xgzva0m xxymvpz xlup9mm x1kky2od\"><img loading=\"lazy\" decoding=\"async\" class=\"xz74otr\" src=\"https:\/\/static.xx.fbcdn.net\/images\/emoji.php\/v9\/t4d\/1\/16\/1f4de.png\" alt=\"\ud83d\udcde\" width=\"16\" height=\"16\" \/><\/span> Cont\u00e1ctenos (506) 2214-1642<\/div>\n<div dir=\"auto\"><span class=\"html-span xexx8yu x4uap5 x18d9i69 xkhd6sd x1hl2dhg x16tdsg8 x1vvkbs x3nfvp2 x1j61x8r x1fcty0u xdj266r xhhsvwb xat24cr xgzva0m xxymvpz xlup9mm x1kky2od\"><img loading=\"lazy\" decoding=\"async\" class=\"xz74otr\" src=\"https:\/\/static.xx.fbcdn.net\/images\/emoji.php\/v9\/td8\/1\/16\/1f4f2.png\" alt=\"\ud83d\udcf2\" width=\"16\" height=\"16\" \/><\/span> Cont\u00e1ctanos por nuestro WhatsApp: <span class=\"html-span xdj266r x11i5rnm xat24cr x1mh8g0r xexx8yu x4uap5 x18d9i69 xkhd6sd x1hl2dhg x16tdsg8 x1vvkbs\"><a class=\"x1i10hfl xjbqb8w x1ejq31n xd10rxx x1sy0etr x17r0tee x972fbf xcfux6l x1qhh985 xm0m39n x9f619 x1ypdohk xt0psk2 xe8uvvx xdj266r x11i5rnm xat24cr x1mh8g0r xexx8yu x4uap5 x18d9i69 xkhd6sd x16tdsg8 x1hl2dhg xggy1nq x1a2a7pz x1sur9pj xkrqix3 x1fey0fg\" tabindex=\"0\" role=\"link\" href=\"https:\/\/l.facebook.com\/l.php?u=https%3A%2F%2Fwa.me%2F50686336282%3Ffbclid%3DIwZXh0bgNhZW0CMTAAAR0gDXwjMcd9aMky9rwM9FmSLXZblgs7caU_XXSAEzVEu_QsrvEQiSUzw5I_aem_AVQQMrbYXudhUWGsAuBHGOXOUVC5LaeSe5ZEFCvyzIpTPJqYxx-6w2QtY6hdzh7EXLugwcV13rQa10tPdjaHIOTY&amp;h=AT1skvkqNEckLMO-fQl_1ydY3sgLxmmNF1UkVVo7lZHGCpOVEsNenGXhLkBO8-oGNWg5h8rw6fFXxdQnQrPyKdLDmspNyl-fkg4toP-cfTzYVnn7ZIarbrtvtdMGftKurlyr&amp;__tn__=-UK-R&amp;c[0]=AT2PHZGhfxIutWqUFZzi40doaZaqKyefBSY2mrSujop2iFd3-C5nwCuQ9Kmiy-02lLjN0IszcTbSDlcFFhEAlBxIjAlKAAPyZOq1UJf3A-W_ZziYk9XA2smvvs79fDIyJ2CCdo6E516USM-4KhNHHQSt-hwK--V9ATNA-8ryEaOwT7dbkQTznqCakrHjCJVwTe7dkAzy7sCfScd-bXgDUbh7YmhaqljHTvtF\" target=\"_blank\" rel=\"nofollow noopener noreferrer\">https:\/\/wa.me\/50686336282<\/a><\/span><\/div>\n<div dir=\"auto\"><\/div>\n<\/div>\n<div class=\"x11i5rnm xat24cr x1mh8g0r x1vvkbs xtlvy1s x126k92a\">\n<div dir=\"auto\"><span class=\"html-span xexx8yu x4uap5 x18d9i69 xkhd6sd x1hl2dhg x16tdsg8 x1vvkbs x3nfvp2 x1j61x8r x1fcty0u xdj266r xhhsvwb xat24cr xgzva0m xxymvpz xlup9mm x1kky2od\"><img loading=\"lazy\" decoding=\"async\" class=\"xz74otr\" src=\"https:\/\/static.xx.fbcdn.net\/images\/emoji.php\/v9\/t2d\/1\/16\/1f4cd.png\" alt=\"\ud83d\udccd\" width=\"16\" height=\"16\" \/><\/span><strong> Subasta Expo Pococ\u00ed<\/strong> (Mi\u00e9rcoles y Viernes) 9:00 a.m.<\/div>\n<div dir=\"auto\"><span class=\"html-span xexx8yu x4uap5 x18d9i69 xkhd6sd x1hl2dhg x16tdsg8 x1vvkbs x3nfvp2 x1j61x8r x1fcty0u xdj266r xhhsvwb xat24cr xgzva0m xxymvpz xlup9mm x1kky2od\"><img loading=\"lazy\" decoding=\"async\" class=\"xz74otr\" src=\"https:\/\/static.xx.fbcdn.net\/images\/emoji.php\/v9\/t4d\/1\/16\/1f4de.png\" alt=\"\ud83d\udcde\" width=\"16\" height=\"16\" \/><\/span> Cont\u00e1ctenos (506) 27104311<\/div>\n<div dir=\"auto\"><span class=\"html-span xexx8yu x4uap5 x18d9i69 xkhd6sd x1hl2dhg x16tdsg8 x1vvkbs x3nfvp2 x1j61x8r x1fcty0u xdj266r xhhsvwb xat24cr xgzva0m xxymvpz xlup9mm x1kky2od\"><img loading=\"lazy\" decoding=\"async\" class=\"xz74otr\" src=\"https:\/\/static.xx.fbcdn.net\/images\/emoji.php\/v9\/td8\/1\/16\/1f4f2.png\" alt=\"\ud83d\udcf2\" width=\"16\" height=\"16\" \/><\/span> Cont\u00e1ctanos por nuestro WhatsApp: <span class=\"html-span xdj266r x11i5rnm xat24cr x1mh8g0r xexx8yu x4uap5 x18d9i69 xkhd6sd x1hl2dhg x16tdsg8 x1vvkbs\"><a class=\"x1i10hfl xjbqb8w x1ejq31n xd10rxx x1sy0etr x17r0tee x972fbf xcfux6l x1qhh985 xm0m39n x9f619 x1ypdohk xt0psk2 xe8uvvx xdj266r x11i5rnm xat24cr x1mh8g0r xexx8yu x4uap5 x18d9i69 xkhd6sd x16tdsg8 x1hl2dhg xggy1nq x1a2a7pz x1sur9pj xkrqix3 x1fey0fg\" tabindex=\"0\" role=\"link\" href=\"https:\/\/wa.me\/50661842318?fbclid=IwZXh0bgNhZW0CMTAAAR3FSh5mxn97vz2YVkLZfNvuq_QCSSQtiBAie8bUx-bZU8Cr6TBNbo4bGMA_aem_AVSHNP9LEYVt8ujpGybznmtcpH41ZtLjDuLnh5p1zv6uH_7vgDGw_Oof2OoYjNOcIc52AGw7RADajw-rMGOmI23n\" target=\"_blank\" rel=\"nofollow noopener noreferrer\">https:\/\/wa.me\/50661842318<\/a><\/span><\/div>\n<\/div>\n<div dir=\"auto\"><\/div>\n","protected":false},"excerpt":{"rendered":"<p>Cont\u00e1ctenos estamos para servirles Subasta Cariari (Los Lunes) 10:00 a.m. Cont\u00e1ctenos (506) 2214-1642 Cont\u00e1ctanos por nuestro WhatsApp: https:\/\/wa.me\/50686336282 Subasta Expo Pococ\u00ed (Mi\u00e9rcoles y Viernes) 9:00 a.m. Cont\u00e1ctenos (506) 27104311 Cont\u00e1ctanos por nuestro WhatsApp: https:\/\/wa.me\/50661842318<\/p>\n","protected":false},"author":1,"featured_media":0,"parent":0,"menu_order":0,"comment_status":"closed","ping_status":"closed","template":"","meta":{"footnotes":""},"class_list":["post-29","page","type-page","status-publish","hentry"],"_links":{"self":[{"href":"https:\/\/upzacr.com\/index.php?rest_route=\/wp\/v2\/pages\/29","targetHints":{"allow":["GET"]}}],"collection":[{"href":"https:\/\/upzacr.com\/index.php?rest_route=\/wp\/v2\/pages"}],"about":[{"href":"https:\/\/upzacr.com\/index.php?rest_route=\/wp\/v2\/types\/page"}],"author":[{"embeddable":true,"href":"https:\/\/upzacr.com\/index.php?rest_route=\/wp\/v2\/users\/1"}],"replies":[{"embeddable":true,"href":"https:\/\/upzacr.com\/index.php?rest_route=%2Fwp%2Fv2%2Fcomments&post=29"}],"version-history":[{"count":6,"href":"https:\/\/upzacr.com\/index.php?rest_route=\/wp\/v2\/pages\/29\/revisions"}],"predecessor-version":[{"id":324,"href":"https:\/\/upzacr.com\/index.php?rest_route=\/wp\/v2\/pages\/29\/revisions\/324"}],"wp:attachment":[{"href":"https:\/\/upzacr.com\/index.php?rest_route=%2Fwp%2Fv2%2Fmedia&parent=29"}],"curies":[{"name":"wp","href":"https:\/\/api.w.org\/{rel}","templated":true}]}}