{"id":25,"date":"2024-05-27T14:45:09","date_gmt":"2024-05-27T14:45:09","guid":{"rendered":"https:\/\/upzacr.com\/?page_id=25"},"modified":"2025-01-16T19:49:09","modified_gmt":"2025-01-16T19:49:09","slug":"junta-directiva","status":"publish","type":"page","link":"https:\/\/upzacr.com\/?page_id=25","title":{"rendered":"Junta Directiva"},"content":{"rendered":"<p><strong>Grupo UPZA<\/strong><br \/>\n\uf0fc Subasta Ganadera de Gu\u00e1piles Expo Pococ\u00ed.<br \/>\n\uf0fc Subasta Ganadera Cariari.<br \/>\n\uf0fc Financiera el Ganadero.<\/p>\n<p><strong>Rese\u00f1a Hist\u00f3rica<\/strong><br \/>\nLa Subasta Ganadera de la Expo Pococ\u00ed perteneciente al Colegio T\u00e9cnico Profesional xxxxxxx, se<br \/>\nconstruyo en el a\u00f1o 1987 impulsada por un grupo de ganaderos que consideran conveniente para<br \/>\nbeneficio econ\u00f3mico y social de todos ellos la apertura de una subasta, donde se pudiera lograr<br \/>\nmejores precios y otras ventajas en la comercializaci\u00f3n del ganado en la zona , fue la segunda<br \/>\nsubasta ganadera en el pa\u00eds, durante estos a\u00f1os han existido diversas organizaciones que han<br \/>\nestado a cargo en la subasta. En sus inicios se crearon 250 acciones las cuales se pusieron a la<br \/>\nventa siendo uno de los impulsores principales el Sr. Marco Tulio Alfaro Vargas que con una visi\u00f3n<br \/>\nmuy definida sobre este proyecto cre\u00eda y confiaba en que se convirtiera en lo que es hoy Grupo<br \/>\nUpza.<\/p>\n<p><strong>Junta Directiva fundadora<\/strong><\/p>\n<p>\uf0fc Presidente: Guilermo Aguilar Quesada<br \/>\n\uf0fc Vicepresidente: Luis Carlos Rojas Alvarado<br \/>\n\uf0fc Secretario: Claudio Brenes Alvarado<br \/>\n\uf0fc Fiscal: Marco Tulio Alfaro Vargas<br \/>\n\uf0fc Vocal I: V\u00edctor Manuel Flores Salazar<br \/>\nGerente: Federico Rojas L\u00f3pez<\/p>\n<p><strong>Perfil de empresa<\/strong><br \/>\nEn el a\u00f1o 2008 una uni\u00f3n de ganaderos conforma a GRUPO UPZA abriendo Subasta Ganadera<br \/>\nExpo Pococ\u00ed, la cual se encontraba cerrada ya por m\u00e1s 2 a\u00f1os.<br \/>\nActualmente la sociedad es operada por una junta directiva que se compone de:<\/p>\n<p>\uf0fc Presidente: Luis Carlos Rojas Alvarado<br \/>\n\uf0fc Vicepresidente: Esteban Soto Vargas<br \/>\n\uf0fc Secretario: Farid Pic\u00f3n Bonilla<br \/>\n\uf0fc Tesorero: Jes\u00fas Ernesto Quesada Calvo<br \/>\n\uf0fc Fiscal: Marco Tulio Alfaro Vargas<br \/>\n\uf0fc Vocal I: Miguel Araya Moreira<br \/>\n\uf0fc Vocal II: Carlos Hidalgo M\u00e9ndez<\/p>\n<p>Queremos hacer menci\u00f3n al se\u00f1or Luis Carlos Rojas Alvarado miembro fundador y actual<br \/>\npresidente de Grupo Upza por su valiosa colaboraci\u00f3n en el crecimiento de nuestra organizaci\u00f3n<br \/>\nbrindando el apoyo y acompa\u00f1amiento en cada uno de nuestros proyectos.<br \/>\nEn el a\u00f1o 2021 se adquieren las instalaciones de Subasta Ganadera Cariari permiti\u00e9ndonos abarcar<br \/>\nlas bajuras de Pococ\u00ed y tener en crecimiento de Grupo Upza en Pococ\u00ed y brind\u00e1ndoles un servicio<br \/>\nadicional al convertirnos en la subasta del pueblo, la subasta tiene como dedicatoria especial al Sr.<br \/>\nV\u00edctor Manuel Flores Salazar quien fue miembro fundador desde el a\u00f1o 2008 de Grupo UPZA, el<br \/>\ncual fue uno de las personas que con su aporte nos permite seguir creciendo conforme pasan los<br \/>\na\u00f1os.<br \/>\nGrupo Upza ha ido creciendo conforme han pasado los a\u00f1os, colaboradores, vendedores,<br \/>\ncompradores y transportistas que se han ido familiarizando y han logrado consolidar esta empresa<br \/>\nhaci\u00e9ndola un lugar agradable y ameno para venir a comercializar su ganado.<\/p>\n<p><strong>Valores de la empresa:<\/strong><br \/>\n\uf0fc Responsabilidad<br \/>\n\uf0fc Honestidad<br \/>\n\uf0fc Compromiso<br \/>\n\uf0fc Integridad<\/p>\n<p>Misi\u00f3n:<br \/>\nSer una organizaci\u00f3n que facilita la compra y venta de ganado de una forma expedita mediante la<br \/>\nSubasta Ganadera Expo Pococ\u00ed y Subasta Ganadera Cariari; adem\u00e1s de crecer comercialmente en<br \/>\notros \u00e1mbitos.<\/p>\n<p><strong>Visi\u00f3n:<\/strong><br \/>\nQue Grupo Upza sea l\u00edder en la Zona Atl\u00e1ntica en la comercializaci\u00f3n de ganado y servicios para<br \/>\nbeneficio de nuestros socios y clientes.<\/p>\n","protected":false},"excerpt":{"rendered":"<p>Grupo UPZA \uf0fc Subasta Ganadera de Gu\u00e1piles Expo Pococ\u00ed. \uf0fc Subasta Ganadera Cariari. \uf0fc Financiera el Ganadero. Rese\u00f1a Hist\u00f3rica La Subasta Ganadera de la Expo Pococ\u00ed perteneciente al Colegio T\u00e9cnico Profesional xxxxxxx, se construyo en el a\u00f1o 1987 impulsada por un grupo de ganaderos que consideran conveniente para beneficio econ\u00f3mico y social de todos ellos [&hellip;]<\/p>\n","protected":false},"author":1,"featured_media":0,"parent":0,"menu_order":0,"comment_status":"closed","ping_status":"closed","template":"","meta":{"footnotes":""},"class_list":["post-25","page","type-page","status-publish","hentry"],"_links":{"self":[{"href":"https:\/\/upzacr.com\/index.php?rest_route=\/wp\/v2\/pages\/25","targetHints":{"allow":["GET"]}}],"collection":[{"href":"https:\/\/upzacr.com\/index.php?rest_route=\/wp\/v2\/pages"}],"about":[{"href":"https:\/\/upzacr.com\/index.php?rest_route=\/wp\/v2\/types\/page"}],"author":[{"embeddable":true,"href":"https:\/\/upzacr.com\/index.php?rest_route=\/wp\/v2\/users\/1"}],"replies":[{"embeddable":true,"href":"https:\/\/upzacr.com\/index.php?rest_route=%2Fwp%2Fv2%2Fcomments&post=25"}],"version-history":[{"count":3,"href":"https:\/\/upzacr.com\/index.php?rest_route=\/wp\/v2\/pages\/25\/revisions"}],"predecessor-version":[{"id":276,"href":"https:\/\/upzacr.com\/index.php?rest_route=\/wp\/v2\/pages\/25\/revisions\/276"}],"wp:attachment":[{"href":"https:\/\/upzacr.com\/index.php?rest_route=%2Fwp%2Fv2%2Fmedia&parent=25"}],"curies":[{"name":"wp","href":"https:\/\/api.w.org\/{rel}","templated":true}]}}