{"id":148,"date":"2024-05-27T17:15:19","date_gmt":"2024-05-27T17:15:19","guid":{"rendered":"https:\/\/upzacr.com\/?page_id=148"},"modified":"2024-05-27T22:07:33","modified_gmt":"2024-05-27T22:07:33","slug":"subasta-expo-pococi","status":"publish","type":"page","link":"https:\/\/upzacr.com\/?page_id=148","title":{"rendered":"Subasta Expo Pococ\u00ed"},"content":{"rendered":"<div class=\"xdj266r x11i5rnm xat24cr x1mh8g0r x1vvkbs x126k92a\">\n<div dir=\"auto\"><strong>Los esperamos en la Subasta Expo Pococ\u00ed<\/strong><\/div>\n<div dir=\"auto\">\n<h2 class=\"title\" title=\"May\u00fasculas + clic para editar este elemento.\">\u00a1El mejor punto para negociar\u00a0<span class=\"dt_heading dt_heading_9\"><span class=\"dt_heading_inner\"><b class=\"is_on\"><i class=\"in\">S<\/i><i class=\"in\">u<\/i><i class=\"in\"> <\/i><i class=\"in\">G<\/i><i class=\"in\">a<\/i><i class=\"in\">n<\/i><i class=\"in\">a<\/i><i class=\"in\">d<\/i><i class=\"in\">o<\/i><i class=\"in\">! <\/i><\/b><b><i class=\"out\"><\/i><\/b><\/span><\/span><\/h2>\n<\/div>\n<\/div>\n<div class=\"x11i5rnm xat24cr x1mh8g0r x1vvkbs xtlvy1s x126k92a\">\n<div dir=\"auto\"><span class=\"html-span xexx8yu x4uap5 x18d9i69 xkhd6sd x1hl2dhg x16tdsg8 x1vvkbs x3nfvp2 x1j61x8r x1fcty0u xdj266r xhhsvwb xat24cr xgzva0m xxymvpz xlup9mm x1kky2od\"><img loading=\"lazy\" decoding=\"async\" class=\"xz74otr\" src=\"https:\/\/static.xx.fbcdn.net\/images\/emoji.php\/v9\/t2d\/1\/16\/1f4cd.png\" alt=\"\ud83d\udccd\" width=\"16\" height=\"16\" \/><\/span> Subasta Expo Pococ\u00ed (Mi\u00e9rcoles y Viernes) 9:00 a.m.<\/div>\n<div dir=\"auto\"><span class=\"html-span xexx8yu x4uap5 x18d9i69 xkhd6sd x1hl2dhg x16tdsg8 x1vvkbs x3nfvp2 x1j61x8r x1fcty0u xdj266r xhhsvwb xat24cr xgzva0m xxymvpz xlup9mm x1kky2od\"><img loading=\"lazy\" decoding=\"async\" class=\"xz74otr\" src=\"https:\/\/static.xx.fbcdn.net\/images\/emoji.php\/v9\/t4d\/1\/16\/1f4de.png\" alt=\"\ud83d\udcde\" width=\"16\" height=\"16\" \/><\/span> Cont\u00e1ctenos (506) 27104311<\/div>\n<div dir=\"auto\"><span class=\"html-span xexx8yu x4uap5 x18d9i69 xkhd6sd x1hl2dhg x16tdsg8 x1vvkbs x3nfvp2 x1j61x8r x1fcty0u xdj266r xhhsvwb xat24cr xgzva0m xxymvpz xlup9mm x1kky2od\"><img loading=\"lazy\" decoding=\"async\" class=\"xz74otr\" src=\"https:\/\/static.xx.fbcdn.net\/images\/emoji.php\/v9\/td8\/1\/16\/1f4f2.png\" alt=\"\ud83d\udcf2\" width=\"16\" height=\"16\" \/><\/span> Cont\u00e1ctanos por nuestro WhatsApp: <span class=\"html-span xdj266r x11i5rnm xat24cr x1mh8g0r xexx8yu x4uap5 x18d9i69 xkhd6sd x1hl2dhg x16tdsg8 x1vvkbs\"><a class=\"x1i10hfl xjbqb8w x1ejq31n xd10rxx x1sy0etr x17r0tee x972fbf xcfux6l x1qhh985 xm0m39n x9f619 x1ypdohk xt0psk2 xe8uvvx xdj266r x11i5rnm xat24cr x1mh8g0r xexx8yu x4uap5 x18d9i69 xkhd6sd x16tdsg8 x1hl2dhg xggy1nq x1a2a7pz x1sur9pj xkrqix3 x1fey0fg\" tabindex=\"0\" role=\"link\" href=\"https:\/\/l.facebook.com\/l.php?u=https%3A%2F%2Fwa.me%2F50661842318%3Ffbclid%3DIwZXh0bgNhZW0CMTAAAR2W6ZUSFtheak_7hcFPnMNOJZhZ8B0y6eUKMOH3EjdNXhme_KO52KhsANM_aem_AV6-sUuvgqYRQnxVyMq-svAUqa43cFVGJTbVKiu18OHCxd-__3lU6YlK93Z6ng7elrMHNDQP6ZBX-DkTsPVbsfAX&amp;h=AT1eUfNNBHiR7GCm0oi07VvBRerJjdpxnmB8vGNFPGVBhoXFZSX33FuzQi24khl8irOFeOAwEcE--KEPqkWVKTOa831J63jQCuJR85ZrFYxp0yQBvio-dTb9uZGB5217DOq3&amp;__tn__=-UK-R&amp;c[0]=AT0MyQnvHRUWdHPcGhy1fhgHbrJoqLBQKYzpFA_iO7OaIGuTsOGhc64z6tbL-m4-PXzxdLHXL2mtJIVShq0-yxmV-vFwTt9qHcQVNM12RtBN5-jTQ_TwCSxcE2OCgWctutHwrYMCKzaXC8zkWEmabuVJUjZA6L46m9eJeneS5V_VRDeIlCO1zmQYR-E5DB3JvPkRL6l6MUmFmsrA_4xH2Xk6CtIQitTy0clx\" target=\"_blank\" rel=\"nofollow noopener noreferrer\">https:\/\/wa.me\/50661842318<\/a><\/span><\/div>\n<div dir=\"auto\"><\/div>\n<\/div>\n<div class=\"x11i5rnm xat24cr x1mh8g0r x1vvkbs xtlvy1s x126k92a\">\n<div dir=\"auto\"><span class=\"html-span xdj266r x11i5rnm xat24cr x1mh8g0r xexx8yu x4uap5 x18d9i69 xkhd6sd x1hl2dhg x16tdsg8 x1vvkbs\"><a class=\"x1i10hfl xjbqb8w x1ejq31n xd10rxx x1sy0etr x17r0tee x972fbf xcfux6l x1qhh985 xm0m39n x9f619 x1ypdohk xt0psk2 xe8uvvx xdj266r x11i5rnm xat24cr x1mh8g0r xexx8yu x4uap5 x18d9i69 xkhd6sd x16tdsg8 x1hl2dhg xggy1nq x1a2a7pz x1sur9pj xkrqix3 x1fey0fg xo1l8bm\" tabindex=\"0\" role=\"link\" href=\"https:\/\/www.facebook.com\/hashtag\/subastaganaderadecariari?__eep__=6&amp;__cft__[0]=AZW_98_FO2_OXJa5c3eUwRV796z0vEEplqhc9QncQH5Ntw2lU03X0Kp-zSA9NQPKNdBU0gEiJfhb80ddRfQcb8qZCpdMpJ-bX1ETS-piPrx25_228VPC2UPotyiIJvrbSmulhz_nRSQghx3CaNoCn0x88EP6wS4nUzOniBPD-xp_iKTIg22WoawVh7H-1LCGExky9F3ddA-OiQALCqNePnK2&amp;__tn__=*NK-R\">#subastaganaderadecariari<\/a><\/span> <span class=\"html-span xdj266r x11i5rnm xat24cr x1mh8g0r xexx8yu x4uap5 x18d9i69 xkhd6sd x1hl2dhg x16tdsg8 x1vvkbs\"><a class=\"x1i10hfl xjbqb8w x1ejq31n xd10rxx x1sy0etr x17r0tee x972fbf xcfux6l x1qhh985 xm0m39n x9f619 x1ypdohk xt0psk2 xe8uvvx xdj266r x11i5rnm xat24cr x1mh8g0r xexx8yu x4uap5 x18d9i69 xkhd6sd x16tdsg8 x1hl2dhg xggy1nq x1a2a7pz x1sur9pj xkrqix3 x1fey0fg xo1l8bm\" tabindex=\"0\" role=\"link\" href=\"https:\/\/www.facebook.com\/hashtag\/subastaexpopococi?__eep__=6&amp;__cft__[0]=AZW_98_FO2_OXJa5c3eUwRV796z0vEEplqhc9QncQH5Ntw2lU03X0Kp-zSA9NQPKNdBU0gEiJfhb80ddRfQcb8qZCpdMpJ-bX1ETS-piPrx25_228VPC2UPotyiIJvrbSmulhz_nRSQghx3CaNoCn0x88EP6wS4nUzOniBPD-xp_iKTIg22WoawVh7H-1LCGExky9F3ddA-OiQALCqNePnK2&amp;__tn__=*NK-R\">#SubastaExpoPococi<\/a><\/span> <span class=\"html-span xdj266r x11i5rnm xat24cr x1mh8g0r xexx8yu x4uap5 x18d9i69 xkhd6sd x1hl2dhg x16tdsg8 x1vvkbs\"><a class=\"x1i10hfl xjbqb8w x1ejq31n xd10rxx x1sy0etr x17r0tee x972fbf xcfux6l x1qhh985 xm0m39n x9f619 x1ypdohk xt0psk2 xe8uvvx xdj266r x11i5rnm xat24cr x1mh8g0r xexx8yu x4uap5 x18d9i69 xkhd6sd x16tdsg8 x1hl2dhg xggy1nq x1a2a7pz x1sur9pj xkrqix3 x1fey0fg xo1l8bm\" tabindex=\"0\" role=\"link\" href=\"https:\/\/www.facebook.com\/hashtag\/subastaganado?__eep__=6&amp;__cft__[0]=AZW_98_FO2_OXJa5c3eUwRV796z0vEEplqhc9QncQH5Ntw2lU03X0Kp-zSA9NQPKNdBU0gEiJfhb80ddRfQcb8qZCpdMpJ-bX1ETS-piPrx25_228VPC2UPotyiIJvrbSmulhz_nRSQghx3CaNoCn0x88EP6wS4nUzOniBPD-xp_iKTIg22WoawVh7H-1LCGExky9F3ddA-OiQALCqNePnK2&amp;__tn__=*NK-R\">#subastaganado<\/a><\/span> <span class=\"html-span xdj266r x11i5rnm xat24cr x1mh8g0r xexx8yu x4uap5 x18d9i69 xkhd6sd x1hl2dhg x16tdsg8 x1vvkbs\"><a class=\"x1i10hfl xjbqb8w x1ejq31n xd10rxx x1sy0etr x17r0tee x972fbf xcfux6l x1qhh985 xm0m39n x9f619 x1ypdohk xt0psk2 xe8uvvx xdj266r x11i5rnm xat24cr x1mh8g0r xexx8yu x4uap5 x18d9i69 xkhd6sd x16tdsg8 x1hl2dhg xggy1nq x1a2a7pz x1sur9pj xkrqix3 x1fey0fg xo1l8bm\" tabindex=\"0\" role=\"link\" href=\"https:\/\/www.facebook.com\/hashtag\/subastascostarica?__eep__=6&amp;__cft__[0]=AZW_98_FO2_OXJa5c3eUwRV796z0vEEplqhc9QncQH5Ntw2lU03X0Kp-zSA9NQPKNdBU0gEiJfhb80ddRfQcb8qZCpdMpJ-bX1ETS-piPrx25_228VPC2UPotyiIJvrbSmulhz_nRSQghx3CaNoCn0x88EP6wS4nUzOniBPD-xp_iKTIg22WoawVh7H-1LCGExky9F3ddA-OiQALCqNePnK2&amp;__tn__=*NK-R\">#subastascostarica<\/a><\/span> <span class=\"html-span xdj266r x11i5rnm xat24cr x1mh8g0r xexx8yu x4uap5 x18d9i69 xkhd6sd x1hl2dhg x16tdsg8 x1vvkbs\"><a class=\"x1i10hfl xjbqb8w x1ejq31n xd10rxx x1sy0etr x17r0tee x972fbf xcfux6l x1qhh985 xm0m39n x9f619 x1ypdohk xt0psk2 xe8uvvx xdj266r x11i5rnm xat24cr x1mh8g0r xexx8yu x4uap5 x18d9i69 xkhd6sd x16tdsg8 x1hl2dhg xggy1nq x1a2a7pz x1sur9pj xkrqix3 x1fey0fg xo1l8bm\" tabindex=\"0\" role=\"link\" href=\"https:\/\/www.facebook.com\/hashtag\/subastabrahman?__eep__=6&amp;__cft__[0]=AZW_98_FO2_OXJa5c3eUwRV796z0vEEplqhc9QncQH5Ntw2lU03X0Kp-zSA9NQPKNdBU0gEiJfhb80ddRfQcb8qZCpdMpJ-bX1ETS-piPrx25_228VPC2UPotyiIJvrbSmulhz_nRSQghx3CaNoCn0x88EP6wS4nUzOniBPD-xp_iKTIg22WoawVh7H-1LCGExky9F3ddA-OiQALCqNePnK2&amp;__tn__=*NK-R\">#subastabrahman<\/a><\/span> <span class=\"html-span xdj266r x11i5rnm xat24cr x1mh8g0r xexx8yu x4uap5 x18d9i69 xkhd6sd x1hl2dhg x16tdsg8 x1vvkbs\"><a class=\"x1i10hfl xjbqb8w x1ejq31n xd10rxx x1sy0etr x17r0tee x972fbf xcfux6l x1qhh985 xm0m39n x9f619 x1ypdohk xt0psk2 xe8uvvx xdj266r x11i5rnm xat24cr x1mh8g0r xexx8yu x4uap5 x18d9i69 xkhd6sd x16tdsg8 x1hl2dhg xggy1nq x1a2a7pz x1sur9pj xkrqix3 x1fey0fg xo1l8bm\" tabindex=\"0\" role=\"link\" href=\"https:\/\/www.facebook.com\/hashtag\/subastaganaderacr?__eep__=6&amp;__cft__[0]=AZW_98_FO2_OXJa5c3eUwRV796z0vEEplqhc9QncQH5Ntw2lU03X0Kp-zSA9NQPKNdBU0gEiJfhb80ddRfQcb8qZCpdMpJ-bX1ETS-piPrx25_228VPC2UPotyiIJvrbSmulhz_nRSQghx3CaNoCn0x88EP6wS4nUzOniBPD-xp_iKTIg22WoawVh7H-1LCGExky9F3ddA-OiQALCqNePnK2&amp;__tn__=*NK-R\">#subastaganaderacr<\/a><\/span><\/div>\n<\/div>\n<div dir=\"auto\"><\/div>\n<div dir=\"auto\"><\/div>\n<div id='gallery-1' class='gallery galleryid-148 gallery-columns-5 gallery-size-thumbnail'><figure class='gallery-item'>\n\t\t\t<div class='gallery-icon landscape'>\n\t\t\t\t<a href='https:\/\/upzacr.com\/wp-content\/uploads\/2024\/05\/Subasta-Expo-Pococi-Grupo-Upza-1.jpg'><img loading=\"lazy\" decoding=\"async\" width=\"150\" height=\"150\" src=\"https:\/\/upzacr.com\/wp-content\/uploads\/2024\/05\/Subasta-Expo-Pococi-Grupo-Upza-1-150x150.jpg\" class=\"attachment-thumbnail size-thumbnail\" alt=\"\" \/><\/a>\n\t\t\t<\/div><\/figure><figure class='gallery-item'>\n\t\t\t<div class='gallery-icon landscape'>\n\t\t\t\t<a href='https:\/\/upzacr.com\/wp-content\/uploads\/2024\/05\/Subasta-Expo-Pococi-Grupo-Upza-2.jpg'><img loading=\"lazy\" decoding=\"async\" width=\"150\" height=\"150\" src=\"https:\/\/upzacr.com\/wp-content\/uploads\/2024\/05\/Subasta-Expo-Pococi-Grupo-Upza-2-150x150.jpg\" class=\"attachment-thumbnail size-thumbnail\" alt=\"\" \/><\/a>\n\t\t\t<\/div><\/figure><figure class='gallery-item'>\n\t\t\t<div class='gallery-icon landscape'>\n\t\t\t\t<a href='https:\/\/upzacr.com\/wp-content\/uploads\/2024\/05\/Subasta-Expo-Pococi-Grupo-Upza-3.jpg'><img loading=\"lazy\" decoding=\"async\" width=\"150\" height=\"150\" src=\"https:\/\/upzacr.com\/wp-content\/uploads\/2024\/05\/Subasta-Expo-Pococi-Grupo-Upza-3-150x150.jpg\" class=\"attachment-thumbnail size-thumbnail\" alt=\"\" \/><\/a>\n\t\t\t<\/div><\/figure><figure class='gallery-item'>\n\t\t\t<div class='gallery-icon landscape'>\n\t\t\t\t<a href='https:\/\/upzacr.com\/wp-content\/uploads\/2024\/05\/Subasta-Expo-Pococi-Grupo-Upza-4.jpg'><img loading=\"lazy\" decoding=\"async\" width=\"150\" height=\"150\" src=\"https:\/\/upzacr.com\/wp-content\/uploads\/2024\/05\/Subasta-Expo-Pococi-Grupo-Upza-4-150x150.jpg\" class=\"attachment-thumbnail size-thumbnail\" alt=\"\" \/><\/a>\n\t\t\t<\/div><\/figure><figure class='gallery-item'>\n\t\t\t<div class='gallery-icon landscape'>\n\t\t\t\t<a href='https:\/\/upzacr.com\/wp-content\/uploads\/2024\/05\/Subasta-Expo-Pococi-Grupo-Upza-5.jpg'><img loading=\"lazy\" decoding=\"async\" width=\"150\" height=\"150\" src=\"https:\/\/upzacr.com\/wp-content\/uploads\/2024\/05\/Subasta-Expo-Pococi-Grupo-Upza-5-150x150.jpg\" class=\"attachment-thumbnail size-thumbnail\" alt=\"\" \/><\/a>\n\t\t\t<\/div><\/figure><figure class='gallery-item'>\n\t\t\t<div class='gallery-icon landscape'>\n\t\t\t\t<a href='https:\/\/upzacr.com\/wp-content\/uploads\/2024\/05\/Subasta-Expo-Pococi-Grupo-Upza-6.jpg'><img loading=\"lazy\" decoding=\"async\" width=\"150\" height=\"150\" src=\"https:\/\/upzacr.com\/wp-content\/uploads\/2024\/05\/Subasta-Expo-Pococi-Grupo-Upza-6-150x150.jpg\" class=\"attachment-thumbnail size-thumbnail\" alt=\"\" \/><\/a>\n\t\t\t<\/div><\/figure><figure class='gallery-item'>\n\t\t\t<div class='gallery-icon landscape'>\n\t\t\t\t<a href='https:\/\/upzacr.com\/wp-content\/uploads\/2024\/05\/Subasta-Expo-Pococi-Grupo-Upza-7.jpg'><img loading=\"lazy\" decoding=\"async\" width=\"150\" height=\"150\" src=\"https:\/\/upzacr.com\/wp-content\/uploads\/2024\/05\/Subasta-Expo-Pococi-Grupo-Upza-7-150x150.jpg\" class=\"attachment-thumbnail size-thumbnail\" alt=\"\" \/><\/a>\n\t\t\t<\/div><\/figure><figure class='gallery-item'>\n\t\t\t<div class='gallery-icon landscape'>\n\t\t\t\t<a href='https:\/\/upzacr.com\/wp-content\/uploads\/2024\/05\/Subasta-Expo-Pococi-Grupo-Upza-8.jpg'><img loading=\"lazy\" decoding=\"async\" width=\"150\" height=\"150\" src=\"https:\/\/upzacr.com\/wp-content\/uploads\/2024\/05\/Subasta-Expo-Pococi-Grupo-Upza-8-150x150.jpg\" class=\"attachment-thumbnail size-thumbnail\" alt=\"\" \/><\/a>\n\t\t\t<\/div><\/figure><figure class='gallery-item'>\n\t\t\t<div class='gallery-icon landscape'>\n\t\t\t\t<a href='https:\/\/upzacr.com\/wp-content\/uploads\/2024\/05\/Subasta-Expo-Pococi-Grupo-Upza-9.jpg'><img loading=\"lazy\" decoding=\"async\" width=\"150\" height=\"150\" src=\"https:\/\/upzacr.com\/wp-content\/uploads\/2024\/05\/Subasta-Expo-Pococi-Grupo-Upza-9-150x150.jpg\" class=\"attachment-thumbnail size-thumbnail\" alt=\"\" \/><\/a>\n\t\t\t<\/div><\/figure><figure class='gallery-item'>\n\t\t\t<div class='gallery-icon landscape'>\n\t\t\t\t<a href='https:\/\/upzacr.com\/wp-content\/uploads\/2024\/05\/Subasta-Expo-Pococi-Grupo-Upza-10.jpg'><img loading=\"lazy\" decoding=\"async\" width=\"150\" height=\"150\" src=\"https:\/\/upzacr.com\/wp-content\/uploads\/2024\/05\/Subasta-Expo-Pococi-Grupo-Upza-10-150x150.jpg\" class=\"attachment-thumbnail size-thumbnail\" alt=\"\" \/><\/a>\n\t\t\t<\/div><\/figure><figure class='gallery-item'>\n\t\t\t<div class='gallery-icon landscape'>\n\t\t\t\t<a href='https:\/\/upzacr.com\/wp-content\/uploads\/2024\/05\/Subasta-Expo-Pococi-Grupo-Upza-11.jpg'><img loading=\"lazy\" decoding=\"async\" width=\"150\" height=\"150\" src=\"https:\/\/upzacr.com\/wp-content\/uploads\/2024\/05\/Subasta-Expo-Pococi-Grupo-Upza-11-150x150.jpg\" class=\"attachment-thumbnail size-thumbnail\" alt=\"\" \/><\/a>\n\t\t\t<\/div><\/figure><figure class='gallery-item'>\n\t\t\t<div class='gallery-icon landscape'>\n\t\t\t\t<a href='https:\/\/upzacr.com\/wp-content\/uploads\/2024\/05\/Subasta-Expo-Pococi-Grupo-Upza-12.jpg'><img loading=\"lazy\" decoding=\"async\" width=\"150\" height=\"150\" src=\"https:\/\/upzacr.com\/wp-content\/uploads\/2024\/05\/Subasta-Expo-Pococi-Grupo-Upza-12-150x150.jpg\" class=\"attachment-thumbnail size-thumbnail\" alt=\"\" \/><\/a>\n\t\t\t<\/div><\/figure><figure class='gallery-item'>\n\t\t\t<div class='gallery-icon landscape'>\n\t\t\t\t<a href='https:\/\/upzacr.com\/wp-content\/uploads\/2024\/05\/Subasta-Expo-Pococi-Grupo-Upza-13.jpg'><img loading=\"lazy\" decoding=\"async\" width=\"150\" height=\"150\" src=\"https:\/\/upzacr.com\/wp-content\/uploads\/2024\/05\/Subasta-Expo-Pococi-Grupo-Upza-13-150x150.jpg\" class=\"attachment-thumbnail size-thumbnail\" alt=\"\" \/><\/a>\n\t\t\t<\/div><\/figure><figure class='gallery-item'>\n\t\t\t<div class='gallery-icon landscape'>\n\t\t\t\t<a href='https:\/\/upzacr.com\/wp-content\/uploads\/2024\/05\/Subasta-Expo-Pococi-Grupo-Upza-14.jpg'><img loading=\"lazy\" decoding=\"async\" width=\"150\" height=\"150\" src=\"https:\/\/upzacr.com\/wp-content\/uploads\/2024\/05\/Subasta-Expo-Pococi-Grupo-Upza-14-150x150.jpg\" class=\"attachment-thumbnail size-thumbnail\" alt=\"\" \/><\/a>\n\t\t\t<\/div><\/figure><figure class='gallery-item'>\n\t\t\t<div class='gallery-icon landscape'>\n\t\t\t\t<a href='https:\/\/upzacr.com\/wp-content\/uploads\/2024\/05\/Subasta-Expo-Pococi-Grupo-Upza-15.jpg'><img loading=\"lazy\" decoding=\"async\" width=\"150\" height=\"150\" src=\"https:\/\/upzacr.com\/wp-content\/uploads\/2024\/05\/Subasta-Expo-Pococi-Grupo-Upza-15-150x150.jpg\" class=\"attachment-thumbnail size-thumbnail\" alt=\"\" \/><\/a>\n\t\t\t<\/div><\/figure><figure class='gallery-item'>\n\t\t\t<div class='gallery-icon landscape'>\n\t\t\t\t<a href='https:\/\/upzacr.com\/wp-content\/uploads\/2024\/05\/Subasta-Expo-Pococi-Grupo-Upza-16.jpg'><img loading=\"lazy\" decoding=\"async\" width=\"150\" height=\"150\" src=\"https:\/\/upzacr.com\/wp-content\/uploads\/2024\/05\/Subasta-Expo-Pococi-Grupo-Upza-16-150x150.jpg\" class=\"attachment-thumbnail size-thumbnail\" alt=\"\" \/><\/a>\n\t\t\t<\/div><\/figure><figure class='gallery-item'>\n\t\t\t<div class='gallery-icon landscape'>\n\t\t\t\t<a href='https:\/\/upzacr.com\/wp-content\/uploads\/2024\/05\/Subasta-Expo-Pococi-Grupo-Upza-17.jpg'><img loading=\"lazy\" decoding=\"async\" width=\"150\" height=\"150\" src=\"https:\/\/upzacr.com\/wp-content\/uploads\/2024\/05\/Subasta-Expo-Pococi-Grupo-Upza-17-150x150.jpg\" class=\"attachment-thumbnail size-thumbnail\" alt=\"\" \/><\/a>\n\t\t\t<\/div><\/figure><figure class='gallery-item'>\n\t\t\t<div class='gallery-icon landscape'>\n\t\t\t\t<a href='https:\/\/upzacr.com\/wp-content\/uploads\/2024\/05\/Subasta-Expo-Pococi-Grupo-Upza-18.jpg'><img loading=\"lazy\" decoding=\"async\" width=\"150\" height=\"150\" src=\"https:\/\/upzacr.com\/wp-content\/uploads\/2024\/05\/Subasta-Expo-Pococi-Grupo-Upza-18-150x150.jpg\" class=\"attachment-thumbnail size-thumbnail\" alt=\"\" \/><\/a>\n\t\t\t<\/div><\/figure><figure class='gallery-item'>\n\t\t\t<div class='gallery-icon landscape'>\n\t\t\t\t<a href='https:\/\/upzacr.com\/wp-content\/uploads\/2024\/05\/Subasta-Expo-Pococi-Grupo-Upza-19.jpg'><img loading=\"lazy\" decoding=\"async\" width=\"150\" height=\"150\" src=\"https:\/\/upzacr.com\/wp-content\/uploads\/2024\/05\/Subasta-Expo-Pococi-Grupo-Upza-19-150x150.jpg\" class=\"attachment-thumbnail size-thumbnail\" alt=\"\" \/><\/a>\n\t\t\t<\/div><\/figure><figure class='gallery-item'>\n\t\t\t<div class='gallery-icon landscape'>\n\t\t\t\t<a href='https:\/\/upzacr.com\/wp-content\/uploads\/2024\/05\/Subasta-Expo-Pococi-Grupo-Upza-20.jpg'><img loading=\"lazy\" decoding=\"async\" width=\"150\" height=\"150\" src=\"https:\/\/upzacr.com\/wp-content\/uploads\/2024\/05\/Subasta-Expo-Pococi-Grupo-Upza-20-150x150.jpg\" class=\"attachment-thumbnail size-thumbnail\" alt=\"\" \/><\/a>\n\t\t\t<\/div><\/figure>\n\t\t<\/div>\n\n<p style=\"text-align: center;\"><iframe loading=\"lazy\" title=\"YouTube video player\" src=\"https:\/\/www.youtube.com\/embed\/xvhkbP0YvgI?si=aioMKg84SIa0II36\" width=\"560\" height=\"315\" frameborder=\"0\" allowfullscreen=\"allowfullscreen\"><\/iframe><\/p>\n","protected":false},"excerpt":{"rendered":"<p>Los esperamos en la Subasta Expo Pococ\u00ed \u00a1El mejor punto para negociar\u00a0Su Ganado! Subasta Expo Pococ\u00ed (Mi\u00e9rcoles y Viernes) 9:00 a.m. Cont\u00e1ctenos (506) 27104311 Cont\u00e1ctanos por nuestro WhatsApp: https:\/\/wa.me\/50661842318 #subastaganaderadecariari #SubastaExpoPococi #subastaganado #subastascostarica #subastabrahman #subastaganaderacr<\/p>\n","protected":false},"author":1,"featured_media":0,"parent":0,"menu_order":0,"comment_status":"closed","ping_status":"closed","template":"","meta":{"footnotes":""},"class_list":["post-148","page","type-page","status-publish","hentry"],"_links":{"self":[{"href":"https:\/\/upzacr.com\/index.php?rest_route=\/wp\/v2\/pages\/148","targetHints":{"allow":["GET"]}}],"collection":[{"href":"https:\/\/upzacr.com\/index.php?rest_route=\/wp\/v2\/pages"}],"about":[{"href":"https:\/\/upzacr.com\/index.php?rest_route=\/wp\/v2\/types\/page"}],"author":[{"embeddable":true,"href":"https:\/\/upzacr.com\/index.php?rest_route=\/wp\/v2\/users\/1"}],"replies":[{"embeddable":true,"href":"https:\/\/upzacr.com\/index.php?rest_route=%2Fwp%2Fv2%2Fcomments&post=148"}],"version-history":[{"count":10,"href":"https:\/\/upzacr.com\/index.php?rest_route=\/wp\/v2\/pages\/148\/revisions"}],"predecessor-version":[{"id":228,"href":"https:\/\/upzacr.com\/index.php?rest_route=\/wp\/v2\/pages\/148\/revisions\/228"}],"wp:attachment":[{"href":"https:\/\/upzacr.com\/index.php?rest_route=%2Fwp%2Fv2%2Fmedia&parent=148"}],"curies":[{"name":"wp","href":"https:\/\/api.w.org\/{rel}","templated":true}]}}